{"id":30,"date":"2023-05-03T19:29:25","date_gmt":"2023-05-03T17:29:25","guid":{"rendered":"https:\/\/augen-in-pankow.de\/?page_id=30"},"modified":"2025-09-01T13:48:08","modified_gmt":"2025-09-01T11:48:08","slug":"leistungsangebot","status":"publish","type":"page","link":"https:\/\/augen-in-pankow.de\/?page_id=30","title":{"rendered":"Leistungsangebot"},"content":{"rendered":"\n<p>Wir bieten ein breites Spektrum an modernster ophthalmologischer Diagnostik und Therapie s\u00e4mtlicher Augenerkrankungen an. <\/p>\n\n\n\n<p><strong>Fr\u00fcherkennung:<\/strong><\/p>\n\n\n\n<p><em>Glaukom<\/em>\u00a0(Gr\u00fcner Star), mit modernster\u00a0OCT-Technik<\/p>\n\n\n\n<figure class=\"wp-block-image size-full\"><img loading=\"lazy\" decoding=\"async\" width=\"983\" height=\"879\" src=\"https:\/\/augen-in-pankow.de\/wp-content\/uploads\/2023\/05\/Glaukom-Buendeldefekt-beschnitten.jpg\" alt=\"\" class=\"wp-image-31\" srcset=\"https:\/\/augen-in-pankow.de\/wp-content\/uploads\/2023\/05\/Glaukom-Buendeldefekt-beschnitten.jpg 983w, https:\/\/augen-in-pankow.de\/wp-content\/uploads\/2023\/05\/Glaukom-Buendeldefekt-beschnitten-300x268.jpg 300w, https:\/\/augen-in-pankow.de\/wp-content\/uploads\/2023\/05\/Glaukom-Buendeldefekt-beschnitten-768x687.jpg 768w\" sizes=\"auto, (max-width: 983px) 100vw, 983px\" \/><\/figure>\n\n\n\n<p><em>altersabhangige Makuladegeneration<\/em>&nbsp;(AMD), ebenfalls mit modernster Diagnostik (OCT)<\/p>\n\n\n\n<figure class=\"wp-block-image size-large\"><img loading=\"lazy\" decoding=\"async\" width=\"1024\" height=\"975\" src=\"https:\/\/augen-in-pankow.de\/wp-content\/uploads\/2023\/05\/Macula-RIP-Foto-1024x975.jpg\" alt=\"\" class=\"wp-image-32\" srcset=\"https:\/\/augen-in-pankow.de\/wp-content\/uploads\/2023\/05\/Macula-RIP-Foto-1024x975.jpg 1024w, https:\/\/augen-in-pankow.de\/wp-content\/uploads\/2023\/05\/Macula-RIP-Foto-300x286.jpg 300w, https:\/\/augen-in-pankow.de\/wp-content\/uploads\/2023\/05\/Macula-RIP-Foto-768x731.jpg 768w, https:\/\/augen-in-pankow.de\/wp-content\/uploads\/2023\/05\/Macula-RIP-Foto-1536x1462.jpg 1536w, https:\/\/augen-in-pankow.de\/wp-content\/uploads\/2023\/05\/Macula-RIP-Foto.jpg 2032w\" sizes=\"auto, (max-width: 1024px) 100vw, 1024px\" \/><\/figure>\n\n\n\n<p><em>Vorstufen von Netzhautabl\u00f6sung bei Kurzsichtigkeit<\/em>&nbsp;(Myopie)<\/p>\n\n\n\n<p><em>diabetische Augenerkrankungen<\/em><\/p>\n\n\n\n<p><em>kindliche Sehschw\u00e4che<\/em>&nbsp;(Amblyopie)<\/p>\n\n\n\n<p><strong>Diagnostik, Therapie und Verlaufskontrolle:<\/strong><\/p>\n\n\n\n<p><em>Konservative Behandlung s\u00e4mtlicher Augenerkrankungen<\/em><\/p>\n\n\n\n<p>Schwerpunkt Glaukom, Makuladegeneration, Katarakt <\/p>\n\n\n\n<p><em>Brillenbestimmung<\/em><\/p>\n\n\n\n<p>Fr\u00fcherkennung und Verlaufskontrolle kindlicher Sehst\u00f6rungen (Schwerpunkt Amblyopie) und St\u00f6rungen der beid\u00e4ugigen Zusammenarbeit in allen Altersgruppen, Behandlung der Kurzsichtigkeit (Myopie)<\/p>\n\n\n\n<p>Messung der Augenl\u00e4nge mit dem TOPCON MYAH<\/p>\n\n\n\n<figure class=\"wp-block-image size-full\"><img loading=\"lazy\" decoding=\"async\" width=\"1024\" height=\"683\" src=\"https:\/\/augen-in-pankow.de\/wp-content\/uploads\/2023\/05\/Sehtest.jpg\" alt=\"\" class=\"wp-image-40\" srcset=\"https:\/\/augen-in-pankow.de\/wp-content\/uploads\/2023\/05\/Sehtest.jpg 1024w, https:\/\/augen-in-pankow.de\/wp-content\/uploads\/2023\/05\/Sehtest-300x200.jpg 300w, https:\/\/augen-in-pankow.de\/wp-content\/uploads\/2023\/05\/Sehtest-768x512.jpg 768w\" sizes=\"auto, (max-width: 1024px) 100vw, 1024px\" \/><\/figure>\n\n\n\n<p><em>Vermessung des Sehnervs<\/em>&nbsp;mit dem OCT<\/p>\n\n\n\n<p><em>Netzhautuntersuchung<\/em>&nbsp;mit optischer Koh\u00e4renztomographie u.a. zur Fr\u00fcherkennung und Verlaufskontrolle der altersabh\u00e4ngigen Makuladegeneration inkl. der nach aktuellen Fachleitlinien notwendigen Kontrollen im Rahmen einer IVOM-Therapie (medikament\u00f6se Behandlung der feuchten Makuladegeneration)<\/p>\n\n\n\n<p><em>Hornhautdickenmessung<\/em>&nbsp;(Pachymetrie) z.B. im Rahmen der Glaukomfr\u00fcherkennung und Glaukomverlaufskontrolle<\/p>\n\n\n\n<p><em>Hornhauttomographie<\/em>&nbsp;(quantitative Vermessung der Hornhaut) z.B. vor refraktiver Chirurgie, Diagnostik und Verlaufskontrolle von Hornhauterkrankungem (u.a. Keratokonus)<\/p>\n\n\n\n<p><em>Gesichtsfelduntersuchung<\/em>&nbsp;(Perimetrie) z.B. bei Glaukompatienten und f\u00fcr gutachterliche Untersuchungen<\/p>\n\n\n\n<p><em>Gutachten<\/em>&nbsp;z.B. F\u00fchrerscheingutachten f\u00fcr alle Klassen, Gutachten f\u00fcr Sportbootf\u00fchrerschein<\/p>\n\n\n\n<p><em>Laserbehandlungen<\/em> bei Nachstar <\/p>\n\n\n\n<figure class=\"wp-block-image size-large\"><img loading=\"lazy\" decoding=\"async\" width=\"819\" height=\"1024\" src=\"https:\/\/augen-in-pankow.de\/wp-content\/uploads\/2023\/05\/LASER-819x1024.jpeg\" alt=\"\" class=\"wp-image-51\" srcset=\"https:\/\/augen-in-pankow.de\/wp-content\/uploads\/2023\/05\/LASER-819x1024.jpeg 819w, https:\/\/augen-in-pankow.de\/wp-content\/uploads\/2023\/05\/LASER-240x300.jpeg 240w, https:\/\/augen-in-pankow.de\/wp-content\/uploads\/2023\/05\/LASER-768x960.jpeg 768w, https:\/\/augen-in-pankow.de\/wp-content\/uploads\/2023\/05\/LASER-1229x1536.jpeg 1229w, https:\/\/augen-in-pankow.de\/wp-content\/uploads\/2023\/05\/LASER-1638x2048.jpeg 1638w, https:\/\/augen-in-pankow.de\/wp-content\/uploads\/2023\/05\/LASER-scaled.jpeg 2048w\" sizes=\"auto, (max-width: 819px) 100vw, 819px\" \/><\/figure>\n","protected":false},"excerpt":{"rendered":"<p>Wir bieten ein breites Spektrum an modernster ophthalmologischer Diagnostik und Therapie s\u00e4mtlicher Augenerkrankungen an. Fr\u00fcherkennung: Glaukom\u00a0(Gr\u00fcner Star), mit modernster\u00a0OCT-Technik altersabhangige Makuladegeneration&nbsp;(AMD), ebenfalls mit modernster Diagnostik (OCT) Vorstufen von Netzhautabl\u00f6sung bei Kurzsichtigkeit&nbsp;(Myopie) diabetische Augenerkrankungen kindliche Sehschw\u00e4che&nbsp;(Amblyopie) Diagnostik, Therapie und Verlaufskontrolle: Konservative Behandlung s\u00e4mtlicher Augenerkrankungen Schwerpunkt Glaukom, Makuladegeneration, Katarakt Brillenbestimmung Fr\u00fcherkennung und Verlaufskontrolle kindlicher Sehst\u00f6rungen (Schwerpunkt Amblyopie) [&hellip;]<\/p>\n","protected":false},"author":1,"featured_media":0,"parent":0,"menu_order":0,"comment_status":"closed","ping_status":"closed","template":"","meta":{"footnotes":""},"class_list":["post-30","page","type-page","status-publish","hentry"],"_links":{"self":[{"href":"https:\/\/augen-in-pankow.de\/index.php?rest_route=\/wp\/v2\/pages\/30","targetHints":{"allow":["GET"]}}],"collection":[{"href":"https:\/\/augen-in-pankow.de\/index.php?rest_route=\/wp\/v2\/pages"}],"about":[{"href":"https:\/\/augen-in-pankow.de\/index.php?rest_route=\/wp\/v2\/types\/page"}],"author":[{"embeddable":true,"href":"https:\/\/augen-in-pankow.de\/index.php?rest_route=\/wp\/v2\/users\/1"}],"replies":[{"embeddable":true,"href":"https:\/\/augen-in-pankow.de\/index.php?rest_route=%2Fwp%2Fv2%2Fcomments&post=30"}],"version-history":[{"count":6,"href":"https:\/\/augen-in-pankow.de\/index.php?rest_route=\/wp\/v2\/pages\/30\/revisions"}],"predecessor-version":[{"id":256,"href":"https:\/\/augen-in-pankow.de\/index.php?rest_route=\/wp\/v2\/pages\/30\/revisions\/256"}],"wp:attachment":[{"href":"https:\/\/augen-in-pankow.de\/index.php?rest_route=%2Fwp%2Fv2%2Fmedia&parent=30"}],"curies":[{"name":"wp","href":"https:\/\/api.w.org\/{rel}","templated":true}]}}