{"id":34,"date":"2023-05-03T19:35:22","date_gmt":"2023-05-03T17:35:22","guid":{"rendered":"https:\/\/augen-in-pankow.de\/?page_id=34"},"modified":"2023-05-03T19:35:22","modified_gmt":"2023-05-03T17:35:22","slug":"team","status":"publish","type":"page","link":"https:\/\/augen-in-pankow.de\/?page_id=34","title":{"rendered":"Team"},"content":{"rendered":"\n<p><strong>Dr. Andreas Kretzschmar<\/strong><\/p>\n\n\n\n<figure class=\"wp-block-image size-large\"><img loading=\"lazy\" decoding=\"async\" width=\"1024\" height=\"682\" src=\"https:\/\/augen-in-pankow.de\/wp-content\/uploads\/2023\/05\/13c341-66-1024x682.jpg\" alt=\"\" class=\"wp-image-35\" srcset=\"https:\/\/augen-in-pankow.de\/wp-content\/uploads\/2023\/05\/13c341-66-1024x682.jpg 1024w, https:\/\/augen-in-pankow.de\/wp-content\/uploads\/2023\/05\/13c341-66-300x200.jpg 300w, https:\/\/augen-in-pankow.de\/wp-content\/uploads\/2023\/05\/13c341-66-768x512.jpg 768w, https:\/\/augen-in-pankow.de\/wp-content\/uploads\/2023\/05\/13c341-66.jpg 1181w\" sizes=\"auto, (max-width: 1024px) 100vw, 1024px\" \/><\/figure>\n\n\n\n<p>1997 &#8211; 2004 Studium der Humanmedizin an der Freien Universit\u00e4t zu Berlin<\/p>\n\n\n\n<p>2004 &#8211; 2009 Facharztausbildung an der Augenklinik der Justus-Liebig-Universit\u00e4t Gie\u00dfen, Prof. Dr. med. Herbert Kaufmann, Prof. Dr. med. Birgit Lorenz<\/p>\n\n\n\n<p>2009 Approbation; &#8222;Prismen\u00fcberkorrektur bei gro\u00dfem Anomaliewinkel nach Konvergenzoperation&#8220; bei Prof. Dr. med. Michael Gr\u00e4f<\/p>\n\n\n\n<p>2009 &#8211; 2012 Assistenzarzt in der Klinik f\u00fcr Augenheilkunde im DRK Klinikum Westend, PD Dr. med. Klaus-Martin Kreusel<\/p>\n\n\n\n<p>2010 Facharzt f\u00fcr Augenheilkunde<\/p>\n\n\n\n<p>2012 \u00dcbernahme der Augenarztpraxis von Dr. med. Alice Presber<\/p>\n\n\n\n<p><strong>Sw. B\u00e4rbel<\/strong><\/p>\n\n\n\n<figure class=\"wp-block-image size-large\"><img loading=\"lazy\" decoding=\"async\" width=\"1024\" height=\"682\" src=\"https:\/\/augen-in-pankow.de\/wp-content\/uploads\/2023\/05\/13c341-52-1024x682.jpg\" alt=\"\" class=\"wp-image-36\" srcset=\"https:\/\/augen-in-pankow.de\/wp-content\/uploads\/2023\/05\/13c341-52-1024x682.jpg 1024w, https:\/\/augen-in-pankow.de\/wp-content\/uploads\/2023\/05\/13c341-52-300x200.jpg 300w, https:\/\/augen-in-pankow.de\/wp-content\/uploads\/2023\/05\/13c341-52-768x512.jpg 768w, https:\/\/augen-in-pankow.de\/wp-content\/uploads\/2023\/05\/13c341-52.jpg 1181w\" sizes=\"auto, (max-width: 1024px) 100vw, 1024px\" \/><\/figure>\n\n\n\n<p><strong>Sw. Doreen<\/strong><\/p>\n\n\n\n<figure class=\"wp-block-image size-large\"><img loading=\"lazy\" decoding=\"async\" width=\"1024\" height=\"743\" src=\"https:\/\/augen-in-pankow.de\/wp-content\/uploads\/2023\/05\/13c341-26-1024x743.jpg\" alt=\"\" class=\"wp-image-37\" srcset=\"https:\/\/augen-in-pankow.de\/wp-content\/uploads\/2023\/05\/13c341-26-1024x743.jpg 1024w, https:\/\/augen-in-pankow.de\/wp-content\/uploads\/2023\/05\/13c341-26-300x218.jpg 300w, https:\/\/augen-in-pankow.de\/wp-content\/uploads\/2023\/05\/13c341-26-768x557.jpg 768w, https:\/\/augen-in-pankow.de\/wp-content\/uploads\/2023\/05\/13c341-26.jpg 1181w\" sizes=\"auto, (max-width: 1024px) 100vw, 1024px\" \/><\/figure>\n","protected":false},"excerpt":{"rendered":"<p>Dr. Andreas Kretzschmar 1997 &#8211; 2004 Studium der Humanmedizin an der Freien Universit\u00e4t zu Berlin 2004 &#8211; 2009 Facharztausbildung an der Augenklinik der Justus-Liebig-Universit\u00e4t Gie\u00dfen, Prof. Dr. med. Herbert Kaufmann, Prof. Dr. med. Birgit Lorenz 2009 Approbation; &#8222;Prismen\u00fcberkorrektur bei gro\u00dfem Anomaliewinkel nach Konvergenzoperation&#8220; bei Prof. Dr. med. Michael Gr\u00e4f 2009 &#8211; 2012 Assistenzarzt in der [&hellip;]<\/p>\n","protected":false},"author":1,"featured_media":0,"parent":0,"menu_order":0,"comment_status":"closed","ping_status":"closed","template":"","meta":{"footnotes":""},"class_list":["post-34","page","type-page","status-publish","hentry"],"_links":{"self":[{"href":"https:\/\/augen-in-pankow.de\/index.php?rest_route=\/wp\/v2\/pages\/34","targetHints":{"allow":["GET"]}}],"collection":[{"href":"https:\/\/augen-in-pankow.de\/index.php?rest_route=\/wp\/v2\/pages"}],"about":[{"href":"https:\/\/augen-in-pankow.de\/index.php?rest_route=\/wp\/v2\/types\/page"}],"author":[{"embeddable":true,"href":"https:\/\/augen-in-pankow.de\/index.php?rest_route=\/wp\/v2\/users\/1"}],"replies":[{"embeddable":true,"href":"https:\/\/augen-in-pankow.de\/index.php?rest_route=%2Fwp%2Fv2%2Fcomments&post=34"}],"version-history":[{"count":3,"href":"https:\/\/augen-in-pankow.de\/index.php?rest_route=\/wp\/v2\/pages\/34\/revisions"}],"predecessor-version":[{"id":47,"href":"https:\/\/augen-in-pankow.de\/index.php?rest_route=\/wp\/v2\/pages\/34\/revisions\/47"}],"wp:attachment":[{"href":"https:\/\/augen-in-pankow.de\/index.php?rest_route=%2Fwp%2Fv2%2Fmedia&parent=34"}],"curies":[{"name":"wp","href":"https:\/\/api.w.org\/{rel}","templated":true}]}}