{"id":5,"date":"2023-05-03T07:59:29","date_gmt":"2023-05-03T07:59:29","guid":{"rendered":"https:\/\/augen-in-pankow.de\/?page_id=5"},"modified":"2026-04-28T13:01:51","modified_gmt":"2026-04-28T11:01:51","slug":"dr-andreas-kretzschmar","status":"publish","type":"page","link":"https:\/\/augen-in-pankow.de\/","title":{"rendered":"Dr. Andreas Kretzschmar"},"content":{"rendered":"\n<p>Augenarztpraxis Berlin Pankow<\/p>\n\n\n\n<figure class=\"wp-block-image size-large\"><img loading=\"lazy\" decoding=\"async\" width=\"1024\" height=\"683\" src=\"https:\/\/augen-in-pankow.de\/wp-content\/uploads\/2023\/05\/12a835-4-1024x683.jpg\" alt=\"Dr. med. Andreas Kretzschmar\" class=\"wp-image-42\" srcset=\"https:\/\/augen-in-pankow.de\/wp-content\/uploads\/2023\/05\/12a835-4-1024x683.jpg 1024w, https:\/\/augen-in-pankow.de\/wp-content\/uploads\/2023\/05\/12a835-4-300x200.jpg 300w, https:\/\/augen-in-pankow.de\/wp-content\/uploads\/2023\/05\/12a835-4-768x512.jpg 768w, https:\/\/augen-in-pankow.de\/wp-content\/uploads\/2023\/05\/12a835-4-1536x1024.jpg 1536w, https:\/\/augen-in-pankow.de\/wp-content\/uploads\/2023\/05\/12a835-4-2048x1365.jpg 2048w\" sizes=\"auto, (max-width: 1024px) 100vw, 1024px\" \/><\/figure>\n\n\n\n<h2 class=\"wp-block-heading\">\u00d6ffnungszeiten<\/h2>\n\n\n\n<p class=\"has-pale-pink-background-color has-background\">Am 15.05.2026 findet <strong>keine <\/strong>Sprechstunde statt. <\/p>\n\n\n\n<figure class=\"wp-block-table is-style-stripes\"><table><tbody><tr><td>Montag<\/td><td>9 &#8211; 12:30<\/td><td>14 &#8211; 18<\/td><\/tr><tr><td>Dienstag<\/td><td>9 &#8211; 12:30<\/td><td><\/td><\/tr><tr><td>Mittwoch<\/td><td>9 &#8211; 12:30<\/td><td><\/td><\/tr><tr><td>Donnerstag<\/td><td>9 &#8211; 12:30<\/td><td><\/td><\/tr><tr><td>Freitag<\/td><td>9 &#8211; 12:30<\/td><td><\/td><\/tr><\/tbody><\/table><\/figure>\n\n\n\n<h2 class=\"wp-block-heading\">Adresse<\/h2>\n\n\n\n<p>Breite Str. 41a<br>13187 Berlin<\/p>\n\n\n\n<figure class=\"wp-block-image size-full\"><img loading=\"lazy\" decoding=\"async\" width=\"1024\" height=\"765\" src=\"https:\/\/augen-in-pankow.de\/wp-content\/uploads\/2023\/05\/Aerztehaus-I-freigestellt.jpg\" alt=\"\u00c4rztehaus Breite Str. 41a\" class=\"wp-image-26\" srcset=\"https:\/\/augen-in-pankow.de\/wp-content\/uploads\/2023\/05\/Aerztehaus-I-freigestellt.jpg 1024w, https:\/\/augen-in-pankow.de\/wp-content\/uploads\/2023\/05\/Aerztehaus-I-freigestellt-300x224.jpg 300w, https:\/\/augen-in-pankow.de\/wp-content\/uploads\/2023\/05\/Aerztehaus-I-freigestellt-768x574.jpg 768w\" sizes=\"auto, (max-width: 1024px) 100vw, 1024px\" \/><\/figure>\n\n\n\n<p>Terminvereinbarungen sind nur pers\u00f6nlich vor Ort oder telefonisch m\u00f6glich, Terminanfragen per Email k\u00f6nnen leider <strong>nicht <\/strong>beantwortet werden.<\/p>\n\n\n\n<p>Telefon: 030 47537734<\/p>\n\n\n\n<p>Telefax: 030 49852857<\/p>\n\n\n\n<p>Email: &#105;&#x6e;f&#111;&#x40;a&#117;&#x67;e&#110;&#x2d;i&#110;&#x2d;&#112;&#x61;&#x6e;&#107;&#x6f;&#x77;&#46;&#x64;e <\/p>\n","protected":false},"excerpt":{"rendered":"<p>Augenarztpraxis Berlin Pankow \u00d6ffnungszeiten Am 15.05.2026 findet keine Sprechstunde statt. Montag 9 &#8211; 12:30 14 &#8211; 18 Dienstag 9 &#8211; 12:30 Mittwoch 9 &#8211; 12:30 Donnerstag 9 &#8211; 12:30 Freitag 9 &#8211; 12:30 Adresse Breite Str. 41a13187 Berlin Terminvereinbarungen sind nur pers\u00f6nlich vor Ort oder telefonisch m\u00f6glich, Terminanfragen per Email k\u00f6nnen leider nicht beantwortet werden. [&hellip;]<\/p>\n","protected":false},"author":1,"featured_media":0,"parent":0,"menu_order":0,"comment_status":"closed","ping_status":"closed","template":"","meta":{"footnotes":""},"class_list":["post-5","page","type-page","status-publish","hentry"],"_links":{"self":[{"href":"https:\/\/augen-in-pankow.de\/index.php?rest_route=\/wp\/v2\/pages\/5","targetHints":{"allow":["GET"]}}],"collection":[{"href":"https:\/\/augen-in-pankow.de\/index.php?rest_route=\/wp\/v2\/pages"}],"about":[{"href":"https:\/\/augen-in-pankow.de\/index.php?rest_route=\/wp\/v2\/types\/page"}],"author":[{"embeddable":true,"href":"https:\/\/augen-in-pankow.de\/index.php?rest_route=\/wp\/v2\/users\/1"}],"replies":[{"embeddable":true,"href":"https:\/\/augen-in-pankow.de\/index.php?rest_route=%2Fwp%2Fv2%2Fcomments&post=5"}],"version-history":[{"count":147,"href":"https:\/\/augen-in-pankow.de\/index.php?rest_route=\/wp\/v2\/pages\/5\/revisions"}],"predecessor-version":[{"id":304,"href":"https:\/\/augen-in-pankow.de\/index.php?rest_route=\/wp\/v2\/pages\/5\/revisions\/304"}],"wp:attachment":[{"href":"https:\/\/augen-in-pankow.de\/index.php?rest_route=%2Fwp%2Fv2%2Fmedia&parent=5"}],"curies":[{"name":"wp","href":"https:\/\/api.w.org\/{rel}","templated":true}]}}